{"id":671,"date":"2026-03-08T10:11:29","date_gmt":"2026-03-08T10:11:29","guid":{"rendered":"https:\/\/ferienhaus-wesermarsch.de\/?page_id=671"},"modified":"2026-03-26T10:03:31","modified_gmt":"2026-03-26T10:03:31","slug":"671-2","status":"publish","type":"page","link":"https:\/\/ferienhaus-wesermarsch.de\/en\/671-2\/","title":{"rendered":"Data protection"},"content":{"rendered":"<div class=\"wp-block-group alignfull ext-animate--on is-style-ext-preset--group--natural-1--section has-global-padding is-layout-constrained wp-container-core-group-is-layout-086f6b35 wp-block-group-is-layout-constrained\" style=\"padding-top:var(--wp--preset--spacing--30);padding-bottom:var(--wp--preset--spacing--30)\">\n<p class=\"ext-animate--on\">Der<em>\u00a0<\/em>Schutz Ihrer pers\u00f6nlichen Daten und die Einhaltung der Regeln der Datenschutzgesetze sind f\u00fcr uns sehr wichtig. Die nachfolgende Erkl\u00e4rung gibt Ihnen einen \u00dcberblick dar\u00fcber, welche Art von Daten zu welchem Zweck erhoben werden und in welchem Umfang diese Daten Dritten zug\u00e4nglich gemacht werden. Bei der Verwendung unserer Internetpr\u00e4senz www.ferienhaus-wesermarsch.de beachten Sie bitte die folgenden Hinweise.<\/p>\n\n\n\n<p class=\"ext-animate--on\"><strong>Datenverarbeitung<\/strong><\/p>\n\n\n\n<p class=\"ext-animate--on\" style=\"margin-top:0;margin-bottom:0\">In den Serverstatistiken werden automatisch solche Daten gespeichert, die Ihr Browser an uns \u00fcbermittelt. Dies sind:<\/p>\n\n\n\n<ul class=\"wp-block-list ext-animate--on\">\n<li class=\"ext-animate--on\">Name der abgerufenen Webseite \/ Datei<\/li>\n\n\n\n<li class=\"ext-animate--on\">Datum und Uhrzeit des Abrufs<\/li>\n\n\n\n<li class=\"ext-animate--on\">\u00fcbertragene Datenmenge<\/li>\n\n\n\n<li class=\"ext-animate--on\">Meldung \u00fcber erfolgreichen Abruf<\/li>\n\n\n\n<li class=\"ext-animate--on\">Browsertyp \/ \u2013version<\/li>\n\n\n\n<li class=\"ext-animate--on\">verwendetes Betriebssystem<\/li>\n\n\n\n<li class=\"ext-animate--on\">Referrer URL (die zuvor besuchte Seite)<\/li>\n\n\n\n<li class=\"ext-animate--on\">Hostname des zugreifenden Rechners (IP Adresse) und der anfragende Provider<\/li>\n<\/ul>\n\n\n\n<p class=\"ext-animate--on\">All diese Daten sind f\u00fcr uns nicht bestimmten Personen zuordbar. Eine Zusammenf\u00fchrung dieser Daten mit anderen Datenquellen wird nicht vorgenommen, die Daten werden zudem nach einer statistischen Auswertung gel\u00f6scht.<br>Weitergehende personenbezogene Daten werden nur erfasst, wenn Sie diese Angaben freiwillig \u2013 etwa im Rahmen einer Anfrage \u2013 mitteilen.<\/p>\n\n\n\n<p class=\"ext-animate--on\"><strong>Cookies<\/strong><\/p>\n\n\n\n<p class=\"ext-animate--on\" style=\"margin-top:0;margin-bottom:0\">Wie viele andere Webseiten verwenden auch wir sogenannte \u201eCookies\u201c. Cookies sind Dateien, die von einem Webseitenserver auf Ihre Festplatte \u00fcbertragen werden. Hierdurch erhalten wir automatisch bestimmte Daten wie z. B. IP-Adresse, verwendeter Browser, Betriebssystem \u00fcber Ihren Computer und Ihre Verbindung zum Internet.<br>Cookies k\u00f6nnen nicht verwendet werden, um Programme zu starten oder Viren auf einen Computer zu \u00fcbertragen. Anhand der in Cookies enthaltenen Informationen k\u00f6nnen wir Ihnen die Navigation erleichtern und die korrekte Anzeige unserer Webseiten erm\u00f6glichen.<br>In keinem Fall werden die von uns erfassten Daten an Dritte weitergegeben oder ohne Ihre Einwilligung eine Verkn\u00fcpfung mit personenbezogenen Daten hergestellt. Beim ersten Besuch unserer Webseite fragen wir ab, welche Cookies verwendet werden d\u00fcrfen.<br>Sie k\u00f6nnen die Verwendung von Cookies jederzeit \u00fcber die Einstellungen Ihres Browsers deaktivieren. Bitte verwenden Sie die Hilfefunktionen Ihres Internetbrowsers, um zu erfahren, wie Sie diese Einstellungen \u00e4ndern k\u00f6nnen. Bitte beachten Sie, dass einzelne Funktionen unserer Website m\u00f6glicherweise nicht funktionieren, wenn Sie die Verwendung von Cookies deaktiviert haben.<\/p>\n\n\n\n<p class=\"ext-animate--on\"><strong>Mails<\/strong><\/p>\n\n\n\n<p class=\"ext-animate--on\" style=\"margin-top:0;margin-bottom:0\">Wir erfassen und speichern&nbsp;solche Informationen, die Sie auf dieser Webseite eingeben oder uns in sonstiger Weise \u00fcbermitteln. Das betrifft etwa Namen und E-Mail-Adressen, die Sie in die entsprechenden Formulare eintragen. Diese Angaben geschehen freiwillig. Bei der Kontaktaufnahme (zum Beispiel per Kontaktformular oder E-Mail) werden die Angaben des Nutzers zwecks Bearbeitung der Anfrage sowie f\u00fcr den Fall, dass Anschlussfragen entstehen, erfasst und gespeichert.<\/p>\n\n\n\n<p class=\"ext-animate--on\"><strong>Nutzung und Weitergabe personenbezogener Daten<\/strong><\/p>\n\n\n\n<p class=\"ext-animate--on\" style=\"margin-top:0;margin-bottom:0\">Soweit Sie uns&nbsp;personenbezogene Daten zur Verf\u00fcgung gestellt haben, verwenden wir diese nur zur Beantwortung Ihrer Anfragen und f\u00fcr die technische Administration. Zur Abwicklung von Buchungen und Reservierungen geben wir die hierf\u00fcr erforderlichen Daten an unsere Vermietagentur weiter.<br>Die L\u00f6schung der gespeicherten personenbezogenen Daten erfolgt, wenn Sie Ihre Einwilligung zur Speicherung widerrufen, wenn ihre Kenntnis zur Erf\u00fcllung des mit der Speicherung verfolgten Zwecks nicht mehr erforderlich ist oder wenn ihre Speicherung aus sonstigen gesetzlichen Gr\u00fcnden unzul\u00e4ssig ist.<br>In keinem Fall werden die erhobenen Daten verkauft oder aus anderen Gr\u00fcnden an Dritte ohne Ihre Zustimmung weitergegeben.<\/p>\n\n\n\n<p class=\"ext-animate--on\"><strong>Verschl\u00fcsselung<\/strong><\/p>\n\n\n\n<p class=\"ext-animate--on\" style=\"margin-top:0;margin-bottom:0\">Um die Sicherheit Ihrer Daten bei der \u00dcbertragung zu sch\u00fctzen, verwenden wir dem aktuellen Stand der Technik entsprechende Verschl\u00fcsselungsverfahren.<\/p>\n\n\n\n<p class=\"ext-animate--on\"><strong>L\u00f6schung bzw. Sperrung der Daten<\/strong><\/p>\n\n\n\n<p class=\"ext-animate--on\" style=\"margin-top:0;margin-bottom:0\">Wir halten uns an die Grunds\u00e4tze der Datenvermeidung und Datensparsamkeit. Wir speichern Ihre personenbezogenen Daten daher nur so lange, wie dies zur Erreichung der hier genannten Zwecke erforderlich ist oder wie es die vom Gesetzgeber vorgesehenen vielf\u00e4ltigen Speicherfristen vorsehen. Nach Fortfall des jeweiligen Zweckes bzw. Ablauf dieser Fristen werden die entsprechenden Daten routinem\u00e4\u00dfig und entsprechend den gesetzlichen Vorschriften gesperrt oder gel\u00f6scht.<\/p>\n\n\n\n<p class=\"ext-animate--on\"><strong>Ihre Rechte<\/strong><\/p>\n\n\n\n<p class=\"ext-animate--on\" style=\"margin-top:0;margin-bottom:0\">Sie haben das Recht, jederzeit Auskunft \u00fcber Ihre bei uns gespeicherten personenbezogenen Daten,&nbsp;deren Herkunft und Empf\u00e4nger sowie den Zweck der Speicherung zu erhalten. Ebenso haben Sie das Recht auf Berichtigung, Sperrung oder \u2013&nbsp; abgesehen von der vorgeschriebenen Datenspeicherung zur Gesch\u00e4ftsabwicklung \u2013 L\u00f6schung Ihrer personenbezogenen Daten. Auf schriftliche Anfrage werden wir Sie gern \u00fcber die zu Ihrer Person gespeicherten Daten informieren. Bitte wenden Sie sich dazu an die&nbsp;im Impressum genannten Kontaktdaten.<br>Sie k\u00f6nnen \u00c4nderungen oder den Widerruf einer Einwilligung durch entsprechende Mitteilung an uns mit Wirkung f\u00fcr die Zukunft vornehmen.<\/p>\n\n\n\n<p class=\"ext-animate--on\"><strong>Sicherheitshinweis<\/strong><\/p>\n\n\n\n<p class=\"ext-animate--on\" style=\"margin-top:0;margin-bottom:0\">Wir sind bem\u00fcht, Ihre personenbezogenen Daten durch Ergreifung aller technischen und organisatorischen M\u00f6glichkeiten so zu speichern, dass sie f\u00fcr Dritte nicht zug\u00e4nglich sind. Bei der Kommunikation per E-Mail kann die vollst\u00e4ndige Datensicherheit von uns nicht gew\u00e4hrleistet werden, so dass wir Ihnen bei vertraulichen Informationen den Postweg empfehlen<\/p>\n<\/div>","protected":false},"excerpt":{"rendered":"<p>Der\u00a0Schutz Ihrer pers\u00f6nlichen Daten und die Einhaltung der Regeln der Datenschutzgesetze sind f\u00fcr uns sehr wichtig. Die nachfolgende Erkl\u00e4rung gibt Ihnen einen \u00dcberblick dar\u00fcber, welche Art von Daten zu welchem Zweck erhoben werden und in welchem Umfang diese Daten Dritten zug\u00e4nglich gemacht werden. Bei der Verwendung unserer Internetpr\u00e4senz www.ferienhaus-wesermarsch.de beachten Sie bitte die folgenden Hinweise. [&hellip;]<\/p>\n","protected":false},"author":1,"featured_media":0,"parent":0,"menu_order":0,"comment_status":"closed","ping_status":"closed","template":"page-with-title","meta":{"footnotes":""},"class_list":["post-671","page","type-page","status-publish","hentry"],"_links":{"self":[{"href":"https:\/\/ferienhaus-wesermarsch.de\/en\/wp-json\/wp\/v2\/pages\/671","targetHints":{"allow":["GET"]}}],"collection":[{"href":"https:\/\/ferienhaus-wesermarsch.de\/en\/wp-json\/wp\/v2\/pages"}],"about":[{"href":"https:\/\/ferienhaus-wesermarsch.de\/en\/wp-json\/wp\/v2\/types\/page"}],"author":[{"embeddable":true,"href":"https:\/\/ferienhaus-wesermarsch.de\/en\/wp-json\/wp\/v2\/users\/1"}],"replies":[{"embeddable":true,"href":"https:\/\/ferienhaus-wesermarsch.de\/en\/wp-json\/wp\/v2\/comments?post=671"}],"version-history":[{"count":47,"href":"https:\/\/ferienhaus-wesermarsch.de\/en\/wp-json\/wp\/v2\/pages\/671\/revisions"}],"predecessor-version":[{"id":1971,"href":"https:\/\/ferienhaus-wesermarsch.de\/en\/wp-json\/wp\/v2\/pages\/671\/revisions\/1971"}],"wp:attachment":[{"href":"https:\/\/ferienhaus-wesermarsch.de\/en\/wp-json\/wp\/v2\/media?parent=671"}],"curies":[{"name":"wp","href":"https:\/\/api.w.org\/{rel}","templated":true}]}}