{"id":25,"date":"2026-03-01T14:10:41","date_gmt":"2026-03-01T14:10:41","guid":{"rendered":"https:\/\/ferienhaus-wesermarsch.de\/impressum\/"},"modified":"2026-03-26T09:43:37","modified_gmt":"2026-03-26T09:43:37","slug":"impressum","status":"publish","type":"page","link":"https:\/\/ferienhaus-wesermarsch.de\/en\/impressum\/","title":{"rendered":"Legal notice"},"content":{"rendered":"\n<div class=\"wp-block-group alignfull is-style-ext-preset--group--natural-1--section has-background-background-color has-background has-global-padding is-layout-constrained wp-container-core-group-is-layout-1f1457f3 wp-block-group-is-layout-constrained\" style=\"margin-top:0;margin-bottom:0;padding-top:var(--wp--preset--spacing--30);padding-bottom:var(--wp--preset--spacing--30)\">\n<p class=\"ext-animate--on\">Die nachfolgenden Informationen d\u00fcrfen nur zum Zwecke technischer oder administrativer Notwendigkeiten des Internetbetriebs genutzt und ohne ausdr\u00fcckliche schriftliche Erlaubnis weder elektronisch noch in anderer Art gespeichert werden. Insbesondere die Nutzung zu werbe- oder \u00e4hnlichen Zwecken ist ausdr\u00fccklich untersagt.<\/p>\n\n\n\n<p class=\"ext-animate--on\"><strong>Betreiber der Seite:<\/strong><br>Dr. Markus Meurer\u00a0<br>Br\u00fcckenstr. 54<br>50996 K\u00f6ln\u00a0<br>Deutschland<\/p>\n\n\n\n<p class=\"ext-animate--on\"><strong>Kontaktinformationen<\/strong>:<br>E-Mail: ferienhaus-wesermarsch [ at ] gmx [ dot ] de<br>Internet: www.ferienhaus-wesermarsch.de<\/p>\n\n\n\n<p class=\"ext-animate--on\"><strong>Verantwortlicher im Sinne von \u00a7 5 TMG, \u00a7 55 RfStV:<\/strong><br>Markus Meurer<\/p>\n\n\n\n<p class=\"ext-animate--on\"><strong>Letzte Aktualisierung:<br><\/strong>2026-03-08<\/p>\n\n\n\n<p class=\"ext-animate--on\">Gem\u00e4\u00df \u00a7 28 Absatz 4 Bundesdatenschutzgesetz (BDSG) widerspreche ich grunds\u00e4tzlich der Nutzung oder \u00dcbermittlung meiner Daten f\u00fcr Zwecke der Werbung, der Markt- oder Meinungsforschung.<\/p>\n\n\n\n<p class=\"ext-animate--on\">Der gesamte Inhalt dieser Webseite\u00a0(Texte, Bilder, Grafiken, Animationen) unterliegt dem Urheberrecht und anderen Gesetzen zum Schutze geistigen Eigentums. Der Inhalt darf in keinerlei Weise ohne Zustimmung weder f\u00fcr private noch f\u00fcr gesch\u00e4ftliche Zwecke verwendet, kopiert, gespeichert, ver\u00e4ndert oder anderweitig genutzt werden. <\/p>\n<\/div>\n","protected":false},"excerpt":{"rendered":"<p>Die nachfolgenden Informationen d\u00fcrfen nur zum Zwecke technischer oder administrativer Notwendigkeiten des Internetbetriebs genutzt und ohne ausdr\u00fcckliche schriftliche Erlaubnis weder elektronisch noch in anderer Art gespeichert werden. Insbesondere die Nutzung zu werbe- oder \u00e4hnlichen Zwecken ist ausdr\u00fccklich untersagt. Betreiber der Seite:Dr. Markus Meurer\u00a0Br\u00fcckenstr. 5450996 K\u00f6ln\u00a0Deutschland Kontaktinformationen:E-Mail: ferienhaus-wesermarsch [ at ] gmx [ dot ] deInternet: [&hellip;]<\/p>\n","protected":false},"author":1,"featured_media":0,"parent":0,"menu_order":0,"comment_status":"closed","ping_status":"closed","template":"page-with-title","meta":{"footnotes":""},"class_list":["post-25","page","type-page","status-publish","hentry"],"_links":{"self":[{"href":"https:\/\/ferienhaus-wesermarsch.de\/en\/wp-json\/wp\/v2\/pages\/25","targetHints":{"allow":["GET"]}}],"collection":[{"href":"https:\/\/ferienhaus-wesermarsch.de\/en\/wp-json\/wp\/v2\/pages"}],"about":[{"href":"https:\/\/ferienhaus-wesermarsch.de\/en\/wp-json\/wp\/v2\/types\/page"}],"author":[{"embeddable":true,"href":"https:\/\/ferienhaus-wesermarsch.de\/en\/wp-json\/wp\/v2\/users\/1"}],"replies":[{"embeddable":true,"href":"https:\/\/ferienhaus-wesermarsch.de\/en\/wp-json\/wp\/v2\/comments?post=25"}],"version-history":[{"count":28,"href":"https:\/\/ferienhaus-wesermarsch.de\/en\/wp-json\/wp\/v2\/pages\/25\/revisions"}],"predecessor-version":[{"id":646,"href":"https:\/\/ferienhaus-wesermarsch.de\/en\/wp-json\/wp\/v2\/pages\/25\/revisions\/646"}],"wp:attachment":[{"href":"https:\/\/ferienhaus-wesermarsch.de\/en\/wp-json\/wp\/v2\/media?parent=25"}],"curies":[{"name":"wp","href":"https:\/\/api.w.org\/{rel}","templated":true}]}}