{"id":22,"date":"2026-03-01T14:10:31","date_gmt":"2026-03-01T14:10:31","guid":{"rendered":"https:\/\/ferienhaus-wesermarsch.de\/start\/"},"modified":"2026-04-01T17:23:41","modified_gmt":"2026-04-01T17:23:41","slug":"start","status":"publish","type":"page","link":"https:\/\/ferienhaus-wesermarsch.de\/en\/","title":{"rendered":"Home"},"content":{"rendered":"<div class=\"wp-block-group alignfull ext-animate--off is-style-ext-preset--group--natural-1--section has-background-background-color has-background has-global-padding is-layout-constrained wp-container-core-group-is-layout-5bf29929 wp-block-group-is-layout-constrained\" style=\"margin-top:0;margin-bottom:0;padding-top:var(--wp--preset--spacing--30);padding-right:var(--wp--preset--spacing--30);padding-bottom:var(--wp--preset--spacing--30)\">\n<div class=\"wp-block-columns alignwide is-layout-flex wp-container-core-columns-is-layout-174606dc wp-block-columns-is-layout-flex\">\n<div class=\"wp-block-column is-vertically-aligned-center ext-animate--on is-layout-flow wp-block-column-is-layout-flow\" style=\"flex-basis:496px\">\n<h1 class=\"wp-block-heading\">Welcome to Ankerplatz Vacation Home<\/h1>\n\n\n\n<p class=\"ext-animate--off\" style=\"margin-top:1.5rem\">Our modern and fully furnished holiday home, which sleeps up to six people, is situated in the small holiday village of Jade-Sehestedt on the eastern coast of the Jadebusen, right in the heart of the North Sea-Wadden Sea World Heritage Site. Thanks to its exceptional location right next to the dyke, the beach is only about 500 metres away, making it ideal for your family holiday.<\/p>\n\n\n\n<div class=\"wp-block-buttons ext-animate--on is-layout-flex wp-block-buttons-is-layout-flex\">\n<div class=\"wp-block-button\"><a class=\"wp-block-button__link wp-element-button\" href=\"#Mehr-erfahren\">Find out more<\/a><\/div>\n<\/div>\n<\/div>\n\n\n\n<div class=\"wp-block-column is-vertically-aligned-top ext-animate--on is-layout-flow wp-block-column-is-layout-flow\">\n<div class=\"wp-block-columns ext-animate--on is-layout-flex wp-container-core-columns-is-layout-28f84493 wp-block-columns-is-layout-flex\">\n<div class=\"wp-block-column is-vertically-aligned-stretch ext-animate--on is-layout-flow wp-block-column-is-layout-flow\" style=\"flex-basis:100%\">\n<figure class=\"wp-block-image aligncenter size-full is-resized ext-animate--on\"><img loading=\"lazy\" decoding=\"async\" width=\"1635\" height=\"920\" src=\"https:\/\/ferienhaus-wesermarsch.de\/wp-content\/uploads\/2026\/03\/Vorderansicht-5.jpg\" alt=\"Haus Ankerplatz - Nordsee-Ferienhaus in Jade-Sehestedt - Frontansicht\" class=\"wp-image-36\" style=\"aspect-ratio:1.7772167876301672;width:499px;height:auto\"\/><\/figure>\n\n\n\n<figure class=\"wp-block-gallery has-nested-images columns-default is-cropped ext-animate--on wp-block-gallery-2 is-layout-flex wp-block-gallery-is-layout-flex\">\n<figure class=\"wp-block-image size-large ext-animate--on\"><img loading=\"lazy\" decoding=\"async\" width=\"1024\" height=\"645\" data-id=\"187\" src=\"https:\/\/ferienhaus-wesermarsch.de\/wp-content\/uploads\/2026\/03\/Nordsee-1024x645.jpg\" alt=\"Nordsee am Strandbad Jade-Sehestedt\" class=\"wp-image-187\" srcset=\"https:\/\/ferienhaus-wesermarsch.de\/wp-content\/uploads\/2026\/03\/Nordsee-1024x645.jpg 1024w, https:\/\/ferienhaus-wesermarsch.de\/wp-content\/uploads\/2026\/03\/Nordsee-300x189.jpg 300w, https:\/\/ferienhaus-wesermarsch.de\/wp-content\/uploads\/2026\/03\/Nordsee-768x483.jpg 768w, https:\/\/ferienhaus-wesermarsch.de\/wp-content\/uploads\/2026\/03\/Nordsee-1536x967.jpg 1536w, https:\/\/ferienhaus-wesermarsch.de\/wp-content\/uploads\/2026\/03\/Nordsee-2048x1289.jpg 2048w, https:\/\/ferienhaus-wesermarsch.de\/wp-content\/uploads\/2026\/03\/Nordsee-18x12.jpg 18w\" sizes=\"auto, (max-width: 1024px) 100vw, 1024px\" \/><\/figure>\n\n\n\n<figure class=\"wp-block-image size-large ext-animate--on\"><img loading=\"lazy\" decoding=\"async\" width=\"1024\" height=\"640\" data-id=\"181\" src=\"https:\/\/ferienhaus-wesermarsch.de\/wp-content\/uploads\/2026\/03\/IMG_1333-1-1024x640.jpg\" alt=\"Gro\u00dfe Fass-Sauna des Ferienhauses Ankerplatz\" class=\"wp-image-181\" srcset=\"https:\/\/ferienhaus-wesermarsch.de\/wp-content\/uploads\/2026\/03\/IMG_1333-1-1024x640.jpg 1024w, https:\/\/ferienhaus-wesermarsch.de\/wp-content\/uploads\/2026\/03\/IMG_1333-1-300x188.jpg 300w, https:\/\/ferienhaus-wesermarsch.de\/wp-content\/uploads\/2026\/03\/IMG_1333-1-768x480.jpg 768w, https:\/\/ferienhaus-wesermarsch.de\/wp-content\/uploads\/2026\/03\/IMG_1333-1-1536x960.jpg 1536w, https:\/\/ferienhaus-wesermarsch.de\/wp-content\/uploads\/2026\/03\/IMG_1333-1-2048x1280.jpg 2048w, https:\/\/ferienhaus-wesermarsch.de\/wp-content\/uploads\/2026\/03\/IMG_1333-1-18x12.jpg 18w\" sizes=\"auto, (max-width: 1024px) 100vw, 1024px\" \/><\/figure>\n\n\n\n<figure class=\"wp-block-image size-full is-resized ext-animate--on is-style-default\"><img loading=\"lazy\" decoding=\"async\" width=\"2560\" height=\"1600\" data-id=\"1425\" src=\"https:\/\/ferienhaus-wesermarsch.de\/wp-content\/uploads\/2026\/03\/Essbereich5-scaled.jpg\" alt=\"Essbereich im Ferienhaus Ankerplatz\" class=\"wp-image-1425\" style=\"width:390px;height:auto\" srcset=\"https:\/\/ferienhaus-wesermarsch.de\/wp-content\/uploads\/2026\/03\/Essbereich5-scaled.jpg 2560w, https:\/\/ferienhaus-wesermarsch.de\/wp-content\/uploads\/2026\/03\/Essbereich5-300x188.jpg 300w, https:\/\/ferienhaus-wesermarsch.de\/wp-content\/uploads\/2026\/03\/Essbereich5-1024x640.jpg 1024w, https:\/\/ferienhaus-wesermarsch.de\/wp-content\/uploads\/2026\/03\/Essbereich5-768x480.jpg 768w, https:\/\/ferienhaus-wesermarsch.de\/wp-content\/uploads\/2026\/03\/Essbereich5-1536x960.jpg 1536w, https:\/\/ferienhaus-wesermarsch.de\/wp-content\/uploads\/2026\/03\/Essbereich5-2048x1280.jpg 2048w, https:\/\/ferienhaus-wesermarsch.de\/wp-content\/uploads\/2026\/03\/Essbereich5-18x12.jpg 18w\" sizes=\"auto, (max-width: 2560px) 100vw, 2560px\" \/><\/figure>\n<\/figure>\n<\/div>\n<\/div>\n<\/div>\n<\/div>\n<\/div>\n\n\n\n<div class=\"wp-block-group alignfull is-style-ext-preset--group--natural-1--section has-tertiary-background-color has-background has-global-padding is-layout-constrained wp-container-core-group-is-layout-fe374699 wp-block-group-is-layout-constrained\" id=\"Mehr-erfahren\" style=\"margin-top:var(--wp--preset--spacing--40);margin-bottom:var(--wp--preset--spacing--40);padding-top:var(--wp--preset--spacing--20);padding-right:var(--wp--preset--spacing--30);padding-bottom:var(--wp--preset--spacing--20);padding-left:var(--wp--preset--spacing--30)\">\n<div class=\"wp-block-columns alignwide is-layout-flex wp-container-core-columns-is-layout-a2938b04 wp-block-columns-is-layout-flex\" id=\"Mehr-erfahren\" style=\"padding-top:0;padding-bottom:0\">\n<div class=\"wp-block-column is-vertically-aligned-top is-layout-flow wp-block-column-is-layout-flow\">\n<figure class=\"wp-block-image size-full is-style-ext-preset--image--natural-1--image-1--content-right ext-animate--on is-style-ext-preset--image--natural-1--image-1--content-right--4\"><img loading=\"lazy\" decoding=\"async\" width=\"2479\" height=\"2479\" src=\"https:\/\/ferienhaus-wesermarsch.de\/wp-content\/uploads\/2026\/03\/Salzwiesen-3.jpg\" alt=\"\" class=\"wp-image-230\" style=\"aspect-ratio:1;object-fit:cover\"\/><\/figure>\n<\/div>\n\n\n\n<div class=\"wp-block-column is-vertically-aligned-center is-layout-flow wp-container-core-column-is-layout-2f5bc426 wp-block-column-is-layout-flow\" style=\"padding-top:0;padding-right:0;padding-bottom:0;padding-left:0\">\n<h2 class=\"wp-block-heading ext-animate--on\">A North Sea holiday in Jade-Sehestedt<\/h2>\n\n\n\n<p class=\"ext-animate--on\" style=\"margin-top:0rem;margin-bottom:0\">Pure nature, peace and relaxation! The Ankerplatz North Sea holiday home is situated right on the Jadebusen, nestled amongst meadows and woods. The Wadden Sea and Sehestedt beach are just a few hundred metres away.<\/p>\n\n\n\n<p class=\"ext-animate--on\" style=\"margin-top:0.5rem;margin-right:0;margin-bottom:0;margin-left:0\">The house, which features its own barrel sauna, is situated in the new part of the Jade-Sehestedt holiday village and was completed in 2022. It is a detached property with a modern yet cosy interior. With 75 m\u00b2 of floor space on the ground floor and a further 30 m\u00b2 on the mezzanine, it is ideal for up to six people. The large garden on the 565 m\u00b2 plot is fully fenced. <\/p>\n\n\n\n<div class=\"wp-block-buttons ext-animate--on is-layout-flex wp-block-buttons-is-layout-flex\">\n<div class=\"wp-block-button\"><a class=\"wp-block-button__link wp-element-button\" href=\"#Ausstattung\">Key features<\/a><\/div>\n<\/div>\n\n\n\n<p class=\"ext-animate--on\">We look forward to welcoming you as our guest very soon!<\/p>\n<\/div>\n<\/div>\n<\/div>\n\n\n\n<div class=\"wp-block-group alignfull is-style-ext-preset--group--natural-1--section has-background-background-color has-background has-global-padding is-layout-constrained wp-container-core-group-is-layout-b685b71b wp-block-group-is-layout-constrained\" id=\"Ausstattung\" style=\"margin-top:var(--wp--preset--spacing--40);margin-bottom:var(--wp--preset--spacing--40);padding-top:var(--wp--preset--spacing--30);padding-right:var(--wp--preset--spacing--30);padding-bottom:var(--wp--preset--spacing--30);padding-left:var(--wp--preset--spacing--30)\">\n<div class=\"wp-block-group alignwide ext-is-logical-start is-layout-grid wp-container-core-group-is-layout-4a760a43 wp-block-group-is-layout-grid\">\n<div class=\"wp-block-group ext-animate--on wp-container-content-231de088 is-nowrap is-layout-flex wp-container-core-group-is-layout-6c531013 wp-block-group-is-layout-flex\">\n<h2 class=\"wp-block-heading ext-animate--on\">Relaxation at the Ankerplatz North Sea holiday home<\/h2>\n<\/div>\n<\/div>\n\n\n\n<div class=\"wp-block-columns ext-animate--on is-layout-flex wp-container-core-columns-is-layout-28f84493 wp-block-columns-is-layout-flex\">\n<div class=\"wp-block-column is-layout-flow wp-block-column-is-layout-flow\"><\/div>\n<\/div>\n\n\n\n<div class=\"wp-block-group alignwide ext-animate--on is-layout-flow wp-block-group-is-layout-flow\">\n<p class=\"ext-animate--on\">Ankerplatz has two bedrooms, an extra bed on the mezzanine, a shower room, a guest toilet and a kitchen with an adjoining spacious living\/dining area. A recessed mezzanine (approx. 30 m\u00b2) serves as a retreat or play area.<\/p>\n\n\n\n<div class=\"wp-block-columns alignwide are-vertically-aligned-top ext-animate--on is-layout-flex wp-container-core-columns-is-layout-11879023 wp-block-columns-is-layout-flex\" style=\"margin-top:var(--wp--preset--spacing--20);margin-bottom:var(--wp--preset--spacing--20);padding-right:0;padding-left:0\">\n<div class=\"wp-block-column is-vertically-aligned-top is-layout-flow wp-block-column-is-layout-flow\">\n<h5 class=\"wp-block-heading ext-animate--on\"><strong>The holiday home<\/strong><\/h5>\n<\/div>\n\n\n\n<div class=\"wp-block-column is-vertically-aligned-top is-layout-flow wp-block-column-is-layout-flow\">\n<h5 class=\"wp-block-heading ext-animate--on\"><strong>Outdoor facilities<\/strong><\/h5>\n<\/div>\n\n\n\n<div class=\"wp-block-column is-vertically-aligned-top is-layout-flow wp-container-core-column-is-layout-8a368f38 wp-block-column-is-layout-flow\">\n<h5 class=\"wp-block-heading ext-animate--on\"><strong>Surroundings<\/strong><\/h5>\n<\/div>\n<\/div>\n<\/div>\n\n\n\n<div class=\"wp-block-columns alignwide ext-animate--on is-layout-flex wp-container-core-columns-is-layout-7ef6e110 wp-block-columns-is-layout-flex\" style=\"border-style:none;border-width:0px;margin-top:0;margin-bottom:0;padding-top:0;padding-right:0;padding-bottom:0;padding-left:0\">\n<div class=\"wp-block-column is-layout-flow wp-block-column-is-layout-flow\">\n<ul style=\"font-size:clamp(14px, 0.875rem + ((1vw - 3.2px) * 0.313), 17px);\" class=\"wp-block-list ext-animate--on\">\n<li>Built in 2022, detached house, 75 m\u00b2 of living space plus a large gallery, 565 m\u00b2 plot, sleeps up to 6 people<\/li>\n\n\n\n<li class=\"ext-animate--on\">Non-smoking property<\/li>\n\n\n\n<li class=\"ext-animate--on\">Sleeping: 2 bedrooms with double beds (1.8 m and 1.4 m); extra bed on the mezzanine (1.4 m)<\/li>\n\n\n\n<li class=\"ext-animate--on\">Bathroom: walk-in shower, toilet, washbasin, washing machine, iron, hairdryer<\/li>\n\n\n\n<li class=\"ext-animate--on\">Separate guest toilet<\/li>\n\n\n\n<li class=\"ext-animate--on\">Living room: TV, Wi-Fi, Bluetooth-enabled speakers, free internet<\/li>\n\n\n\n<li class=\"ext-animate--on\">Kitchenette and cooking island with fridge, hob, oven, microwave, dishwasher, toaster, coffee machine and kettle<\/li>\n\n\n\n<li class=\"ext-animate--on\">Large mezzanine with a reading chair, serving as a play area or a quiet retreat<\/li>\n\n\n\n<li class=\"ext-animate--on\">Bread roll delivery available on request<\/li>\n<\/ul>\n<\/div>\n\n\n\n<div class=\"wp-block-column is-layout-flow wp-container-core-column-is-layout-22223934 wp-block-column-is-layout-flow\">\n<ul style=\"font-size:clamp(14px, 0.875rem + ((1vw - 3.2px) * 0.313), 17px);\" class=\"wp-block-list ext-animate--on\">\n<li>Spacious barrel sauna with a sunbathing area and a wooden deck behind the house<\/li>\n\n\n\n<li class=\"ext-animate--on\">Furnished sun terrace, sun loungers, parasol<\/li>\n\n\n\n<li class=\"ext-animate--on\">Charcoal barbecue<\/li>\n\n\n\n<li class=\"ext-animate--on\">Large enclosed garden<\/li>\n\n\n\n<li class=\"ext-animate--on\">Lockable bike shed with repair tools<\/li>\n\n\n\n<li class=\"ext-animate--on\">Carport + 2nd parking space<\/li>\n\n\n\n<li class=\"ext-animate--on\">Playground nearby on the holiday village grounds<\/li>\n<\/ul>\n\n\n\n<h5 class=\"wp-block-heading ext-animate--on\"><strong>Activities<\/strong><\/h5>\n\n\n\n<ul style=\"font-size:clamp(14px, 0.875rem + ((1vw - 3.2px) * 0.313), 17px);\" class=\"wp-block-list ext-animate--on\">\n<li>Bicycle hire with collection and delivery service<\/li>\n\n\n\n<li class=\"ext-animate--on\">Canoe hire in Jade-Wapelersiel<\/li>\n\n\n\n<li class=\"ext-animate--on\" style=\"font-size:clamp(14px, 0.875rem + ((1vw - 3.2px) * 0.313), 17px);\">Boat trips on the Jadebusen<\/li>\n\n\n\n<li class=\"ext-animate--on\">Walks through the salt marshes, along the coast and across the mudflats<\/li>\n<\/ul>\n<\/div>\n\n\n\n<div class=\"wp-block-column is-layout-flow wp-block-column-is-layout-flow\" style=\"font-size:clamp(14px, 0.875rem + ((1vw - 3.2px) * 0.313), 17px);\">\n<ul class=\"wp-block-list ext-animate--on\">\n<li>Dike, Wadden Sea (300 m)<\/li>\n\n\n\n<li class=\"ext-animate--on\">Sehestedt Lido (900 m) with beach caf\u00e9, beach bar, playground and sports facilities<\/li>\n\n\n\n<li class=\"ext-animate--on\">NEST \u2013 National Park Experience Centre featuring an exhibition and guided walks through the mudflats, salt marshes and mussel beds<\/li>\n\n\n\n<li class=\"ext-animate--on\">Bird sanctuary with viewing points (450 m)<\/li>\n\n\n\n<li class=\"ext-animate--on\">Floating Bog (500 m)<\/li>\n\n\n\n<li class=\"ext-animate--on\">&nbsp;Salt Marsh Nature Trail (500 m)<\/li>\n\n\n\n<li class=\"ext-animate--on\">\u2018Weg am Watt\u2019 Sculpture Trail<\/li>\n\n\n\n<li class=\"ext-animate--on\">Seefelder M\u00fchle \u2013 historic windmill with caf\u00e9, mill shop, concerts, markets, etc (approx. 3 km)<\/li>\n\n\n\n<li class=\"ext-animate--on\">Jaderpark amusement park in Jaderberg&nbsp;<\/li>\n\n\n\n<li class=\"ext-animate--on\">Butjadingen North Sea Lagoon<\/li>\n\n\n\n<li class=\"ext-animate--on\">Friesenstrand Tossens<\/li>\n\n\n\n<li class=\"ext-animate--on\">well-maintained cycle paths for your cycling holiday<\/li>\n<\/ul>\n<\/div>\n<\/div>\n\n\n\n<div class=\"wp-block-columns alignwide are-vertically-aligned-top is-layout-flex wp-container-core-columns-is-layout-a0e742d3 wp-block-columns-is-layout-flex\" style=\"margin-top:var(--wp--preset--spacing--30);margin-bottom:var(--wp--preset--spacing--30)\">\n<div class=\"wp-block-column is-vertically-aligned-top ext-animate--on is-layout-flow wp-container-core-column-is-layout-f5bb311e wp-block-column-is-layout-flow\">\n<figure class=\"wp-block-image size-full is-style-ext-preset--image--natural-1--image-1--content-top is-style-ext-preset--image--natural-1--image-1--content-top--6\"><img loading=\"lazy\" decoding=\"async\" width=\"1640\" height=\"1025\" src=\"https:\/\/ferienhaus-wesermarsch.de\/wp-content\/uploads\/2026\/03\/Vorderansicht-3.jpg\" alt=\"\" class=\"wp-image-574\"\/><\/figure>\n<\/div>\n\n\n\n<div class=\"wp-block-column is-vertically-aligned-top ext-animate--on is-layout-flow wp-container-core-column-is-layout-f5bb311e wp-block-column-is-layout-flow\">\n<figure class=\"wp-block-image size-full is-style-ext-preset--image--natural-1--image-1--content-top is-style-ext-preset--image--natural-1--image-1--content-top--7\"><img loading=\"lazy\" decoding=\"async\" width=\"1500\" height=\"937\" src=\"https:\/\/ferienhaus-wesermarsch.de\/wp-content\/uploads\/2026\/03\/Rueckansicht-Sauna.jpg\" alt=\"R\u00fcckansicht mit Fass-Sauna und Waldliege\" class=\"wp-image-596\"\/><\/figure>\n<\/div>\n\n\n\n<div class=\"wp-block-column is-vertically-aligned-top ext-animate--on is-layout-flow wp-container-core-column-is-layout-f5bb311e wp-block-column-is-layout-flow\">\n<figure class=\"wp-block-image size-large is-style-ext-preset--image--natural-1--image-1--content-top is-style-ext-preset--image--natural-1--image-1--content-top--8\"><img loading=\"lazy\" decoding=\"async\" width=\"1024\" height=\"640\" src=\"https:\/\/ferienhaus-wesermarsch.de\/wp-content\/uploads\/2026\/03\/wattenmeer-1-1024x640.jpg\" alt=\"\" class=\"wp-image-567\" srcset=\"https:\/\/ferienhaus-wesermarsch.de\/wp-content\/uploads\/2026\/03\/wattenmeer-1-1024x640.jpg 1024w, https:\/\/ferienhaus-wesermarsch.de\/wp-content\/uploads\/2026\/03\/wattenmeer-1-300x188.jpg 300w, https:\/\/ferienhaus-wesermarsch.de\/wp-content\/uploads\/2026\/03\/wattenmeer-1-768x480.jpg 768w, https:\/\/ferienhaus-wesermarsch.de\/wp-content\/uploads\/2026\/03\/wattenmeer-1-1536x960.jpg 1536w, https:\/\/ferienhaus-wesermarsch.de\/wp-content\/uploads\/2026\/03\/wattenmeer-1-18x12.jpg 18w\" sizes=\"auto, (max-width: 1024px) 100vw, 1024px\" \/><\/figure>\n<\/div>\n\n\n\n<div class=\"wp-block-column is-vertically-aligned-top ext-animate--on is-layout-flow wp-container-core-column-is-layout-f5bb311e wp-block-column-is-layout-flow\">\n<figure class=\"wp-block-image size-large is-style-ext-preset--image--natural-1--image-1--content-top is-style-ext-preset--image--natural-1--image-1--content-top--9\"><img loading=\"lazy\" decoding=\"async\" width=\"1024\" height=\"641\" src=\"https:\/\/ferienhaus-wesermarsch.de\/wp-content\/uploads\/2026\/03\/Salzwiesen-1024x641.jpg\" alt=\"Salzwiesen in Jade-Sehestedt\" class=\"wp-image-570\" srcset=\"https:\/\/ferienhaus-wesermarsch.de\/wp-content\/uploads\/2026\/03\/Salzwiesen-1024x641.jpg 1024w, https:\/\/ferienhaus-wesermarsch.de\/wp-content\/uploads\/2026\/03\/Salzwiesen-300x188.jpg 300w, https:\/\/ferienhaus-wesermarsch.de\/wp-content\/uploads\/2026\/03\/Salzwiesen-768x481.jpg 768w, https:\/\/ferienhaus-wesermarsch.de\/wp-content\/uploads\/2026\/03\/Salzwiesen-1536x962.jpg 1536w, https:\/\/ferienhaus-wesermarsch.de\/wp-content\/uploads\/2026\/03\/Salzwiesen-2048x1282.jpg 2048w, https:\/\/ferienhaus-wesermarsch.de\/wp-content\/uploads\/2026\/03\/Salzwiesen-18x12.jpg 18w\" sizes=\"auto, (max-width: 1024px) 100vw, 1024px\" \/><\/figure>\n<\/div>\n<\/div>\n<\/div>\n\n\n\n<div class=\"wp-block-group alignfull ext-animate--on has-tertiary-background-color has-background has-global-padding is-layout-constrained wp-block-group-is-layout-constrained\" style=\"padding-top:var(--wp--preset--spacing--20);padding-bottom:var(--wp--preset--spacing--20)\">\n<h2 class=\"wp-block-heading has-text-align-center ext-animate--on\" style=\"margin-top:var(--wp--preset--spacing--30);margin-bottom:var(--wp--preset--spacing--30)\">You'll find us here<\/h2>\n\n\n\n<div class=\"wp-block-columns alignwide ext-animate--on is-layout-flex wp-container-core-columns-is-layout-28f84493 wp-block-columns-is-layout-flex\">\n<div class=\"wp-block-column is-layout-flow wp-block-column-is-layout-flow\" style=\"padding-top:0;padding-bottom:0\">\n<div style=\"position:relative; width:600px; height:450px;\">\n\n<div onclick=\"this.style.display='none'\" \nstyle=\"position:absolute; top:0; left:0; width:100%; height:100%; background:rgba(255,255,255,0.9); display:flex; align-items:center; justify-content:center; text-align:center;cursor:pointer;z-index:10;\">\n\nClick here to load the map from Google Maps.<br>\nYou'll leave our website.\n\n<\/div>\n\n<iframe src=\"https:\/\/www.google.com\/maps\/embed?pb=!1m18!1m12!1m3!1d151812.81403866076!2d8.242690886524036!3d53.52071348259986!2m3!1f0!2f0!3f0!3m2!1i1024!2i768!4f13.1!3m3!1m2!1s0x47b6c1af711b803d%3A0x192328ca519a9a17!2sFerienhaus%20Ankerplatz!5e0!3m2!1sde!2sde!4v1773426781607!5m2!1sde!2sde\" width=\"600\" height=\"450\" style=\"border:0;\" allowfullscreen=\"\" loading=\"lazy\" referrerpolicy=\"no-referrer-when-downgrade\"><\/iframe>\n\n<\/div>\n<\/div>\n\n\n\n<div class=\"wp-block-column ext-animate--on is-layout-flow wp-block-column-is-layout-flow\" style=\"flex-basis:50%\">\n<p class=\"has-text-align-center ext-animate--on\"><strong>Ferienhaus&nbsp;Ankerplatz<\/strong><\/p>\n\n\n\n<p class=\"has-text-align-center ext-animate--on\">Ferienpark Sehestedt<br>Brachvogelweg 25<br>D-26349  Jade-Sehestedt<\/p>\n\n\n\n<p class=\"has-text-align-center ext-animate--on\"><a href=\"tel:+49%20163%203501743\" target=\"_blank\" rel=\"noreferrer noopener\">+49 176 3299 1478<\/a><br>ferienhaus-wesermarsch@gmx.de<\/p>\n\n\n\n<div class=\"wp-block-buttons ext-animate--on is-content-justification-center is-layout-flex wp-container-core-buttons-is-layout-a89b3969 wp-block-buttons-is-layout-flex\">\n<div class=\"wp-block-button ext-animate--on\"><a class=\"wp-block-button__link wp-element-button\" href=\"https:\/\/ferienhaus-wesermarsch.de\/en\/kontakt\/\">To our contact form<\/a><\/div>\n<\/div>\n<\/div>\n<\/div>\n<\/div>","protected":false},"excerpt":{"rendered":"<p>Willkommen im Nordsee-Ferienhaus Ankerplatz Unser modernes und komplett eingerichtetes Ferienhaus f\u00fcr bis zu 6 Personen steht in dem kleinen Feriendorf Jade-Sehestedt an der \u00f6stlichen K\u00fcste des Jadebusens, mitten im Weltnaturerbe Nordsee-Wattenmeer. Durch die au\u00dfergew\u00f6hnliche Lage direkt am Deich ist der Strand nur ca. 500 m entfernt, ideal f\u00fcr Ihren Familienurlaub. Nordseeurlaub am schwimmenden Moor in [&hellip;]<\/p>\n","protected":false},"author":1,"featured_media":0,"parent":0,"menu_order":0,"comment_status":"closed","ping_status":"closed","template":"no-title","meta":{"footnotes":""},"class_list":["post-22","page","type-page","status-publish","hentry"],"_links":{"self":[{"href":"https:\/\/ferienhaus-wesermarsch.de\/en\/wp-json\/wp\/v2\/pages\/22","targetHints":{"allow":["GET"]}}],"collection":[{"href":"https:\/\/ferienhaus-wesermarsch.de\/en\/wp-json\/wp\/v2\/pages"}],"about":[{"href":"https:\/\/ferienhaus-wesermarsch.de\/en\/wp-json\/wp\/v2\/types\/page"}],"author":[{"embeddable":true,"href":"https:\/\/ferienhaus-wesermarsch.de\/en\/wp-json\/wp\/v2\/users\/1"}],"replies":[{"embeddable":true,"href":"https:\/\/ferienhaus-wesermarsch.de\/en\/wp-json\/wp\/v2\/comments?post=22"}],"version-history":[{"count":594,"href":"https:\/\/ferienhaus-wesermarsch.de\/en\/wp-json\/wp\/v2\/pages\/22\/revisions"}],"predecessor-version":[{"id":2027,"href":"https:\/\/ferienhaus-wesermarsch.de\/en\/wp-json\/wp\/v2\/pages\/22\/revisions\/2027"}],"wp:attachment":[{"href":"https:\/\/ferienhaus-wesermarsch.de\/en\/wp-json\/wp\/v2\/media?parent=22"}],"curies":[{"name":"wp","href":"https:\/\/api.w.org\/{rel}","templated":true}]}}