{"id":20,"date":"2026-03-01T14:10:30","date_gmt":"2026-03-01T14:10:30","guid":{"rendered":"https:\/\/ferienhaus-wesermarsch.de\/faq\/"},"modified":"2026-04-02T14:19:03","modified_gmt":"2026-04-02T14:19:03","slug":"faq","status":"publish","type":"page","link":"https:\/\/ferienhaus-wesermarsch.de\/en\/faq\/","title":{"rendered":"Your questions ..."},"content":{"rendered":"<div class=\"wp-block-group alignfull is-style-ext-preset--group--natural-1--section has-background-background-color has-background has-global-padding is-layout-constrained wp-container-core-group-is-layout-300589ff wp-block-group-is-layout-constrained\" id=\"h\u00e4ufig-gestellte-fragen\" style=\"margin-top:0;margin-bottom:0;padding-top:var(--wp--preset--spacing--40);padding-bottom:var(--wp--preset--spacing--40)\">\n<div class=\"wp-block-group alignwide ext-is-logical-start is-layout-flow wp-container-core-group-is-layout-2d898322 wp-block-group-is-layout-flow\" style=\"border-style:none;border-width:0px;min-height:0px;margin-top:0;margin-bottom:0;padding-top:0;padding-right:0;padding-bottom:0;padding-left:0\">\n<div class=\"wp-block-group ext-animate--on is-nowrap is-layout-flex wp-container-core-group-is-layout-81177be7 wp-block-group-is-layout-flex\" style=\"margin-top:0;margin-bottom:0;padding-right:0;padding-left:0\">\n<h2 class=\"wp-block-heading ext-animate--on\">Ankerplatz Holiday Home: Your holiday destination on the Jadebusen<\/h2>\n\n\n\n<figure class=\"wp-block-image size-full ext-animate--on\"><img loading=\"lazy\" decoding=\"async\" width=\"1189\" height=\"431\" src=\"https:\/\/ferienhaus-wesermarsch.de\/wp-content\/uploads\/2026\/03\/zugvoegel-schmal.jpg\" alt=\"\" class=\"wp-image-1740\" srcset=\"https:\/\/ferienhaus-wesermarsch.de\/wp-content\/uploads\/2026\/03\/zugvoegel-schmal.jpg 1189w, https:\/\/ferienhaus-wesermarsch.de\/wp-content\/uploads\/2026\/03\/zugvoegel-schmal-300x109.jpg 300w, https:\/\/ferienhaus-wesermarsch.de\/wp-content\/uploads\/2026\/03\/zugvoegel-schmal-1024x371.jpg 1024w, https:\/\/ferienhaus-wesermarsch.de\/wp-content\/uploads\/2026\/03\/zugvoegel-schmal-768x278.jpg 768w, https:\/\/ferienhaus-wesermarsch.de\/wp-content\/uploads\/2026\/03\/zugvoegel-schmal-18x7.jpg 18w\" sizes=\"auto, (max-width: 1189px) 100vw, 1189px\" \/><\/figure>\n<\/div>\n<\/div>\n\n\n\n<div class=\"wp-block-columns alignwide is-layout-flex wp-container-core-columns-is-layout-08c01c1c wp-block-columns-is-layout-flex\">\n<div class=\"wp-block-column ext-animate--on is-layout-flow wp-container-core-column-is-layout-119bc444 wp-block-column-is-layout-flow\">\n<div class=\"wp-block-group is-style-ext-preset--group--natural-1--item-card-1--align-start has-global-padding is-layout-constrained wp-block-group-is-layout-constrained is-style-ext-preset--group--natural-1--item-card-1--align-start--2\">\n<div class=\"wp-block-group is-style-default has-global-padding is-layout-constrained wp-block-group-is-layout-constrained\">\n<div class=\"wp-block-group is-nowrap is-layout-flex wp-container-core-group-is-layout-64fa2afa wp-block-group-is-layout-flex\" style=\"padding-top:0;padding-right:0;padding-bottom:0;padding-left:0\">\n<figure class=\"wp-block-image size-large ext-aspect-landscape wp-duotone-primary-foreground\"><img decoding=\"async\" src=\"data:image\/svg+xml;base64,PHN2ZyB4bWxucz0iaHR0cDovL3d3dy53My5vcmcvMjAwMC9zdmciIHdpZHRoPSI0OCIgaGVpZ2h0PSI0OCIgZmlsbD0iIzAwMDAwMCIgdmlld0JveD0iMCAwIDI1NiAyNTYiPjxwYXRoIGQ9Ik0xNDAsMTgwYTEyLDEyLDAsMSwxLTEyLTEyQTEyLDEyLDAsMCwxLDE0MCwxODBaTTEyOCw3MmMtMjIuMDYsMC00MCwxNi4xNS00MCwzNnY0YTgsOCwwLDAsMCwxNiwwdi00YzAtMTEsMTAuNzctMjAsMjQtMjBzMjQsOSwyNCwyMC0xMC43NywyMC0yNCwyMGE4LDgsMCwwLDAtOCw4djhhOCw4LDAsMCwwLDE2LDB2LS43MmMxOC4yNC0zLjM1LDMyLTE3LjksMzItMzUuMjhDMTY4LDg4LjE1LDE1MC4wNiw3MiwxMjgsNzJabTEwNCw1NkExMDQsMTA0LDAsMSwxLDEyOCwyNCwxMDQuMTEsMTA0LjExLDAsMCwxLDIzMiwxMjhabS0xNiwwYTg4LDg4LDAsMSwwLTg4LDg4QTg4LjEsODguMSwwLDAsMCwyMTYsMTI4WiI+PC9wYXRoPjwvc3ZnPg==\" alt=\"\" style=\"object-fit:cover\"\/><\/figure>\n\n\n\n<div class=\"wp-block-group wp-container-content-958eb9dc has-global-padding is-layout-constrained wp-container-core-group-is-layout-c06d165c wp-block-group-is-layout-constrained\" style=\"padding-top:0;padding-right:0;padding-bottom:0;padding-left:0\">\n<h3 class=\"wp-block-heading\">How do I book the Ankerplatz holiday home?<\/h3>\n\n\n\n<p>Bookings can be made easily via our letting agency\u2019s booking platform. <\/p>\n\n\n\n<div class=\"wp-block-buttons ext-animate--on is-layout-flex wp-block-buttons-is-layout-flex\">\n<div class=\"wp-block-button\"><a class=\"wp-block-button__link wp-element-button\" href=\"https:\/\/nordseeliving.com\/domizile\/#\/Deutschland\/Nordsee.Jadebusen\/Dangast\/Ferienpark.Sehestedt\/Ankerplatz.Ferienhaus.Sehestedt\" target=\"_blank\" rel=\"noreferrer noopener\">Make a booking<\/a><\/div>\n<\/div>\n\n\n\n<p class=\"ext-animate--on\">Or make a booking via our <a href=\"https:\/\/ferienhaus-wesermarsch.de\/en\/kontakt\/\" data-type=\"page\" data-id=\"19\">contact page.<\/a>We will then take care of everything else.<\/p>\n<\/div>\n<\/div>\n<\/div>\n<\/div>\n<\/div>\n\n\n\n<div class=\"wp-block-column ext-animate--on is-layout-flow wp-container-core-column-is-layout-119bc444 wp-block-column-is-layout-flow\">\n<div class=\"wp-block-group is-style-ext-preset--group--natural-1--item-card-1--align-start has-global-padding is-layout-constrained wp-block-group-is-layout-constrained is-style-ext-preset--group--natural-1--item-card-1--align-start--3\">\n<div class=\"wp-block-group is-style-default has-global-padding is-layout-constrained wp-block-group-is-layout-constrained\">\n<div class=\"wp-block-group is-nowrap is-layout-flex wp-container-core-group-is-layout-64fa2afa wp-block-group-is-layout-flex\" style=\"padding-top:0;padding-right:0;padding-bottom:0;padding-left:0\">\n<figure class=\"wp-block-image size-large ext-aspect-landscape wp-duotone-primary-foreground\"><img decoding=\"async\" src=\"data:image\/svg+xml;base64,PHN2ZyB4bWxucz0iaHR0cDovL3d3dy53My5vcmcvMjAwMC9zdmciIHdpZHRoPSI0OCIgaGVpZ2h0PSI0OCIgZmlsbD0iIzAwMDAwMCIgdmlld0JveD0iMCAwIDI1NiAyNTYiPjxwYXRoIGQ9Ik0xNDAsMTgwYTEyLDEyLDAsMSwxLTEyLTEyQTEyLDEyLDAsMCwxLDE0MCwxODBaTTEyOCw3MmMtMjIuMDYsMC00MCwxNi4xNS00MCwzNnY0YTgsOCwwLDAsMCwxNiwwdi00YzAtMTEsMTAuNzctMjAsMjQtMjBzMjQsOSwyNCwyMC0xMC43NywyMC0yNCwyMGE4LDgsMCwwLDAtOCw4djhhOCw4LDAsMCwwLDE2LDB2LS43MmMxOC4yNC0zLjM1LDMyLTE3LjksMzItMzUuMjhDMTY4LDg4LjE1LDE1MC4wNiw3MiwxMjgsNzJabTEwNCw1NkExMDQsMTA0LDAsMSwxLDEyOCwyNCwxMDQuMTEsMTA0LjExLDAsMCwxLDIzMiwxMjhabS0xNiwwYTg4LDg4LDAsMSwwLTg4LDg4QTg4LjEsODguMSwwLDAsMCwyMTYsMTI4WiI+PC9wYXRoPjwvc3ZnPg==\" alt=\"\" style=\"object-fit:cover\"\/><\/figure>\n\n\n\n<div class=\"wp-block-group wp-container-content-958eb9dc has-global-padding is-layout-constrained wp-container-core-group-is-layout-c06d165c wp-block-group-is-layout-constrained\" style=\"padding-top:0;padding-right:0;padding-bottom:0;padding-left:0\">\n<h3 class=\"wp-block-heading\">What facilities does the holiday home offer?<\/h3>\n\n\n\n<p>Ankerplatz is a fully furnished holiday home with approximately 75 m\u00b2 of floor space on the ground floor and approximately 30 m\u00b2 on the mezzanine, a large garden with a furnished sun terrace, a barrel sauna and two parking spaces.<\/p>\n\n\n\n<p class=\"ext-animate--on\">Two bedrooms, a shower room, a guest toilet and a fully equipped, modern kitchen opening onto a spacious living\/dining area, complete with a dishwasher and microwave, Wi-Fi, internet TV and a Bluetooth music system.<\/p>\n<\/div>\n<\/div>\n<\/div>\n<\/div>\n<\/div>\n<\/div>\n\n\n\n<div class=\"wp-block-columns alignwide is-layout-flex wp-container-core-columns-is-layout-967d05ff wp-block-columns-is-layout-flex\" style=\"margin-top:var(--wp--preset--spacing--40)\">\n<div class=\"wp-block-column ext-animate--on is-layout-flow wp-container-core-column-is-layout-119bc444 wp-block-column-is-layout-flow\">\n<div class=\"wp-block-group is-style-ext-preset--group--natural-1--item-card-1--align-start has-global-padding is-layout-constrained wp-block-group-is-layout-constrained is-style-ext-preset--group--natural-1--item-card-1--align-start--4\">\n<div class=\"wp-block-group is-style-default has-global-padding is-layout-constrained wp-block-group-is-layout-constrained\">\n<div class=\"wp-block-group is-nowrap is-layout-flex wp-container-core-group-is-layout-64fa2afa wp-block-group-is-layout-flex\" style=\"padding-top:0;padding-right:0;padding-bottom:0;padding-left:0\">\n<figure class=\"wp-block-image size-large ext-aspect-landscape wp-duotone-primary-foreground\"><img decoding=\"async\" src=\"data:image\/svg+xml;base64,PHN2ZyB4bWxucz0iaHR0cDovL3d3dy53My5vcmcvMjAwMC9zdmciIHdpZHRoPSI0OCIgaGVpZ2h0PSI0OCIgZmlsbD0iIzAwMDAwMCIgdmlld0JveD0iMCAwIDI1NiAyNTYiPjxwYXRoIGQ9Ik0xNDAsMTgwYTEyLDEyLDAsMSwxLTEyLTEyQTEyLDEyLDAsMCwxLDE0MCwxODBaTTEyOCw3MmMtMjIuMDYsMC00MCwxNi4xNS00MCwzNnY0YTgsOCwwLDAsMCwxNiwwdi00YzAtMTEsMTAuNzctMjAsMjQtMjBzMjQsOSwyNCwyMC0xMC43NywyMC0yNCwyMGE4LDgsMCwwLDAtOCw4djhhOCw4LDAsMCwwLDE2LDB2LS43MmMxOC4yNC0zLjM1LDMyLTE3LjksMzItMzUuMjhDMTY4LDg4LjE1LDE1MC4wNiw3MiwxMjgsNzJabTEwNCw1NkExMDQsMTA0LDAsMSwxLDEyOCwyNCwxMDQuMTEsMTA0LjExLDAsMCwxLDIzMiwxMjhabS0xNiwwYTg4LDg4LDAsMSwwLTg4LDg4QTg4LjEsODguMSwwLDAsMCwyMTYsMTI4WiI+PC9wYXRoPjwvc3ZnPg==\" alt=\"\" style=\"object-fit:cover\"\/><\/figure>\n\n\n\n<div class=\"wp-block-group wp-container-content-958eb9dc has-global-padding is-layout-constrained wp-container-core-group-is-layout-c06d165c wp-block-group-is-layout-constrained\" style=\"padding-top:0;padding-right:0;padding-bottom:0;padding-left:0\">\n<h3 class=\"wp-block-heading\">How many people can stay in the house?<\/h3>\n\n\n\n<p>The house has two bedrooms (with 180cm and 140cm double beds) and an extra bed (140cm) on the loft. It can accommodate up to 6 people.<\/p>\n<\/div>\n<\/div>\n<\/div>\n<\/div>\n<\/div>\n\n\n\n<div class=\"wp-block-column ext-animate--on is-layout-flow wp-container-core-column-is-layout-119bc444 wp-block-column-is-layout-flow\">\n<div class=\"wp-block-group is-style-ext-preset--group--natural-1--item-card-1--align-start has-global-padding is-layout-constrained wp-block-group-is-layout-constrained is-style-ext-preset--group--natural-1--item-card-1--align-start--5\">\n<div class=\"wp-block-group is-style-default has-global-padding is-layout-constrained wp-block-group-is-layout-constrained\">\n<div class=\"wp-block-group is-nowrap is-layout-flex wp-container-core-group-is-layout-64fa2afa wp-block-group-is-layout-flex\" style=\"padding-top:0;padding-right:0;padding-bottom:0;padding-left:0\">\n<figure class=\"wp-block-image size-large ext-aspect-landscape wp-duotone-primary-foreground\"><img decoding=\"async\" src=\"data:image\/svg+xml;base64,PHN2ZyB4bWxucz0iaHR0cDovL3d3dy53My5vcmcvMjAwMC9zdmciIHdpZHRoPSI0OCIgaGVpZ2h0PSI0OCIgZmlsbD0iIzAwMDAwMCIgdmlld0JveD0iMCAwIDI1NiAyNTYiPjxwYXRoIGQ9Ik0xNDAsMTgwYTEyLDEyLDAsMSwxLTEyLTEyQTEyLDEyLDAsMCwxLDE0MCwxODBaTTEyOCw3MmMtMjIuMDYsMC00MCwxNi4xNS00MCwzNnY0YTgsOCwwLDAsMCwxNiwwdi00YzAtMTEsMTAuNzctMjAsMjQtMjBzMjQsOSwyNCwyMC0xMC43NywyMC0yNCwyMGE4LDgsMCwwLDAtOCw4djhhOCw4LDAsMCwwLDE2LDB2LS43MmMxOC4yNC0zLjM1LDMyLTE3LjksMzItMzUuMjhDMTY4LDg4LjE1LDE1MC4wNiw3MiwxMjgsNzJabTEwNCw1NkExMDQsMTA0LDAsMSwxLDEyOCwyNCwxMDQuMTEsMTA0LjExLDAsMCwxLDIzMiwxMjhabS0xNiwwYTg4LDg4LDAsMSwwLTg4LDg4QTg4LjEsODguMSwwLDAsMCwyMTYsMTI4WiI+PC9wYXRoPjwvc3ZnPg==\" alt=\"\" style=\"object-fit:cover\"\/><\/figure>\n\n\n\n<div class=\"wp-block-group wp-container-content-958eb9dc has-global-padding is-layout-constrained wp-container-core-group-is-layout-c06d165c wp-block-group-is-layout-constrained\" style=\"padding-top:0;padding-right:0;padding-bottom:0;padding-left:0\">\n<h3 class=\"wp-block-heading\">Is the vacation home suitable for children?<\/h3>\n\n\n\n<p>Yes, we provide child-friendly facilities and a safe environment for families. The garden is fenced in, and there is a playground nearby.<\/p>\n<\/div>\n<\/div>\n<\/div>\n<\/div>\n<\/div>\n<\/div>\n\n\n\n<div class=\"wp-block-columns alignwide ext-animate--on is-layout-flex wp-container-core-columns-is-layout-967d05ff wp-block-columns-is-layout-flex\" style=\"margin-top:var(--wp--preset--spacing--40)\">\n<div class=\"wp-block-column ext-animate--on is-layout-flow wp-container-core-column-is-layout-119bc444 wp-block-column-is-layout-flow\">\n<div class=\"wp-block-group is-style-ext-preset--group--natural-1--item-card-1--align-start ext-animate--on has-global-padding is-layout-constrained wp-block-group-is-layout-constrained is-style-ext-preset--group--natural-1--item-card-1--align-start--6\">\n<div class=\"wp-block-group is-style-default ext-animate--on has-global-padding is-layout-constrained wp-block-group-is-layout-constrained\">\n<div class=\"wp-block-group ext-animate--on is-nowrap is-layout-flex wp-container-core-group-is-layout-64fa2afa wp-block-group-is-layout-flex\" style=\"padding-top:0;padding-right:0;padding-bottom:0;padding-left:0\">\n<figure class=\"wp-block-image size-large ext-aspect-landscape ext-animate--on wp-duotone-primary-foreground\"><img decoding=\"async\" src=\"data:image\/svg+xml;base64,PHN2ZyB4bWxucz0iaHR0cDovL3d3dy53My5vcmcvMjAwMC9zdmciIHdpZHRoPSI0OCIgaGVpZ2h0PSI0OCIgZmlsbD0iIzAwMDAwMCIgdmlld0JveD0iMCAwIDI1NiAyNTYiPjxwYXRoIGQ9Ik0xNDAsMTgwYTEyLDEyLDAsMSwxLTEyLTEyQTEyLDEyLDAsMCwxLDE0MCwxODBaTTEyOCw3MmMtMjIuMDYsMC00MCwxNi4xNS00MCwzNnY0YTgsOCwwLDAsMCwxNiwwdi00YzAtMTEsMTAuNzctMjAsMjQtMjBzMjQsOSwyNCwyMC0xMC43NywyMC0yNCwyMGE4LDgsMCwwLDAtOCw4djhhOCw4LDAsMCwwLDE2LDB2LS43MmMxOC4yNC0zLjM1LDMyLTE3LjksMzItMzUuMjhDMTY4LDg4LjE1LDE1MC4wNiw3MiwxMjgsNzJabTEwNCw1NkExMDQsMTA0LDAsMSwxLDEyOCwyNCwxMDQuMTEsMTA0LjExLDAsMCwxLDIzMiwxMjhabS0xNiwwYTg4LDg4LDAsMSwwLTg4LDg4QTg4LjEsODguMSwwLDAsMCwyMTYsMTI4WiI+PC9wYXRoPjwvc3ZnPg==\" alt=\"\" style=\"object-fit:cover\"\/><\/figure>\n\n\n\n<div class=\"wp-block-group ext-animate--on wp-container-content-958eb9dc has-global-padding is-layout-constrained wp-container-core-group-is-layout-c06d165c wp-block-group-is-layout-constrained\" style=\"padding-top:0;padding-right:0;padding-bottom:0;padding-left:0\">\n<h3 class=\"wp-block-heading ext-animate--on\">Are there any recreational activities in the area?<\/h3>\n\n\n\n<p class=\"ext-animate--on\">Ja, direkt vor der T\u00fcr l\u00e4dt der Jadebusen zum Radfahren, Wandern, Baden, Wattwandern, Angeln und Vogelbeobachten am Meer und in der umliegenden Natur ein. Gleichzeitig sind das Strandbad Sehestedt und die Nordseeb\u00e4der Dangast und Tossens in direkter N\u00e4he. Viele weitere Tipps f\u00fcr Aktivit\u00e4ten und Ausfl\u00fcge in der n\u00e4heren und weiteren Umgebung finden Sie in unserer im Haus ausliegenden Ferienhausbrosch\u00fcre.<\/p>\n<\/div>\n<\/div>\n<\/div>\n<\/div>\n<\/div>\n\n\n\n<div class=\"wp-block-column ext-animate--on is-layout-flow wp-container-core-column-is-layout-119bc444 wp-block-column-is-layout-flow\">\n<div class=\"wp-block-group is-style-ext-preset--group--natural-1--item-card-1--align-start ext-animate--on has-global-padding is-layout-constrained wp-block-group-is-layout-constrained is-style-ext-preset--group--natural-1--item-card-1--align-start--7\">\n<div class=\"wp-block-group is-style-default ext-animate--on has-global-padding is-layout-constrained wp-block-group-is-layout-constrained\">\n<div class=\"wp-block-group ext-animate--on is-nowrap is-layout-flex wp-container-core-group-is-layout-64fa2afa wp-block-group-is-layout-flex\" style=\"padding-top:0;padding-right:0;padding-bottom:0;padding-left:0\">\n<figure class=\"wp-block-image size-large ext-aspect-landscape ext-animate--on wp-duotone-primary-foreground\"><img decoding=\"async\" src=\"data:image\/svg+xml;base64,PHN2ZyB4bWxucz0iaHR0cDovL3d3dy53My5vcmcvMjAwMC9zdmciIHdpZHRoPSI0OCIgaGVpZ2h0PSI0OCIgZmlsbD0iIzAwMDAwMCIgdmlld0JveD0iMCAwIDI1NiAyNTYiPjxwYXRoIGQ9Ik0xNDAsMTgwYTEyLDEyLDAsMSwxLTEyLTEyQTEyLDEyLDAsMCwxLDE0MCwxODBaTTEyOCw3MmMtMjIuMDYsMC00MCwxNi4xNS00MCwzNnY0YTgsOCwwLDAsMCwxNiwwdi00YzAtMTEsMTAuNzctMjAsMjQtMjBzMjQsOSwyNCwyMC0xMC43NywyMC0yNCwyMGE4LDgsMCwwLDAtOCw4djhhOCw4LDAsMCwwLDE2LDB2LS43MmMxOC4yNC0zLjM1LDMyLTE3LjksMzItMzUuMjhDMTY4LDg4LjE1LDE1MC4wNiw3MiwxMjgsNzJabTEwNCw1NkExMDQsMTA0LDAsMSwxLDEyOCwyNCwxMDQuMTEsMTA0LjExLDAsMCwxLDIzMiwxMjhabS0xNiwwYTg4LDg4LDAsMSwwLTg4LDg4QTg4LjEsODguMSwwLDAsMCwyMTYsMTI4WiI+PC9wYXRoPjwvc3ZnPg==\" alt=\"\" style=\"object-fit:cover\"\/><\/figure>\n\n\n\n<div class=\"wp-block-group ext-animate--on wp-container-content-958eb9dc has-global-padding is-layout-constrained wp-container-core-group-is-layout-c06d165c wp-block-group-is-layout-constrained\" style=\"padding-top:0;padding-right:0;padding-bottom:0;padding-left:0\">\n<h3 class=\"wp-block-heading ext-animate--on\">Is the house suitable for cycling holidays?<\/h3>\n\n\n\n<p class=\"ext-animate--on\">Yes, the house has a lockable shed where you can store your bikes safely. The shed is equipped with a power socket for charging e-bikes, a bike repair station and a tool kit.<\/p>\n<\/div>\n<\/div>\n<\/div>\n<\/div>\n<\/div>\n<\/div>\n\n\n\n<div class=\"wp-block-columns alignwide is-layout-flex wp-container-core-columns-is-layout-967d05ff wp-block-columns-is-layout-flex\" style=\"margin-top:var(--wp--preset--spacing--40)\">\n<div class=\"wp-block-column ext-animate--on is-layout-flow wp-container-core-column-is-layout-119bc444 wp-block-column-is-layout-flow\">\n<div class=\"wp-block-group is-style-ext-preset--group--natural-1--item-card-1--align-start has-global-padding is-layout-constrained wp-block-group-is-layout-constrained is-style-ext-preset--group--natural-1--item-card-1--align-start--8\">\n<div class=\"wp-block-group is-style-default has-global-padding is-layout-constrained wp-block-group-is-layout-constrained\">\n<div class=\"wp-block-group is-nowrap is-layout-flex wp-container-core-group-is-layout-64fa2afa wp-block-group-is-layout-flex\" style=\"padding-top:0;padding-right:0;padding-bottom:0;padding-left:0\">\n<figure class=\"wp-block-image size-large ext-aspect-landscape wp-duotone-primary-foreground\"><img decoding=\"async\" src=\"data:image\/svg+xml;base64,PHN2ZyB4bWxucz0iaHR0cDovL3d3dy53My5vcmcvMjAwMC9zdmciIHdpZHRoPSI0OCIgaGVpZ2h0PSI0OCIgZmlsbD0iIzAwMDAwMCIgdmlld0JveD0iMCAwIDI1NiAyNTYiPjxwYXRoIGQ9Ik0xNDAsMTgwYTEyLDEyLDAsMSwxLTEyLTEyQTEyLDEyLDAsMCwxLDE0MCwxODBaTTEyOCw3MmMtMjIuMDYsMC00MCwxNi4xNS00MCwzNnY0YTgsOCwwLDAsMCwxNiwwdi00YzAtMTEsMTAuNzctMjAsMjQtMjBzMjQsOSwyNCwyMC0xMC43NywyMC0yNCwyMGE4LDgsMCwwLDAtOCw4djhhOCw4LDAsMCwwLDE2LDB2LS43MmMxOC4yNC0zLjM1LDMyLTE3LjksMzItMzUuMjhDMTY4LDg4LjE1LDE1MC4wNiw3MiwxMjgsNzJabTEwNCw1NkExMDQsMTA0LDAsMSwxLDEyOCwyNCwxMDQuMTEsMTA0LjExLDAsMCwxLDIzMiwxMjhabS0xNiwwYTg4LDg4LDAsMSwwLTg4LDg4QTg4LjEsODguMSwwLDAsMCwyMTYsMTI4WiI+PC9wYXRoPjwvc3ZnPg==\" alt=\"\" style=\"object-fit:cover\"\/><\/figure>\n\n\n\n<div class=\"wp-block-group wp-container-content-958eb9dc has-global-padding is-layout-constrained wp-container-core-group-is-layout-c06d165c wp-block-group-is-layout-constrained\" style=\"padding-top:0;padding-right:0;padding-bottom:0;padding-left:0\">\n<h3 class=\"wp-block-heading\">How do I get to the Ankerplatz holiday home?<\/h3>\n\n\n\n<p>You can drive right up to the holiday home. There are two parking spaces in front of the house. <\/p>\n\n\n\n<p class=\"ext-animate--on\">You can travel by train to Varel or by plane to Bremen. A bus stops right outside the holiday park.<\/p>\n<\/div>\n<\/div>\n<\/div>\n<\/div>\n<\/div>\n\n\n\n<div class=\"wp-block-column ext-animate--on is-layout-flow wp-container-core-column-is-layout-119bc444 wp-block-column-is-layout-flow\">\n<div class=\"wp-block-group is-style-ext-preset--group--natural-1--item-card-1--align-start has-global-padding is-layout-constrained wp-block-group-is-layout-constrained is-style-ext-preset--group--natural-1--item-card-1--align-start--9\">\n<div class=\"wp-block-group is-style-default has-global-padding is-layout-constrained wp-block-group-is-layout-constrained\">\n<div class=\"wp-block-group is-nowrap is-layout-flex wp-container-core-group-is-layout-64fa2afa wp-block-group-is-layout-flex\" style=\"padding-top:0;padding-right:0;padding-bottom:0;padding-left:0\">\n<figure class=\"wp-block-image size-large ext-aspect-landscape wp-duotone-primary-foreground\"><img decoding=\"async\" src=\"data:image\/svg+xml;base64,PHN2ZyB4bWxucz0iaHR0cDovL3d3dy53My5vcmcvMjAwMC9zdmciIHdpZHRoPSI0OCIgaGVpZ2h0PSI0OCIgZmlsbD0iIzAwMDAwMCIgdmlld0JveD0iMCAwIDI1NiAyNTYiPjxwYXRoIGQ9Ik0xNDAsMTgwYTEyLDEyLDAsMSwxLTEyLTEyQTEyLDEyLDAsMCwxLDE0MCwxODBaTTEyOCw3MmMtMjIuMDYsMC00MCwxNi4xNS00MCwzNnY0YTgsOCwwLDAsMCwxNiwwdi00YzAtMTEsMTAuNzctMjAsMjQtMjBzMjQsOSwyNCwyMC0xMC43NywyMC0yNCwyMGE4LDgsMCwwLDAtOCw4djhhOCw4LDAsMCwwLDE2LDB2LS43MmMxOC4yNC0zLjM1LDMyLTE3LjksMzItMzUuMjhDMTY4LDg4LjE1LDE1MC4wNiw3MiwxMjgsNzJabTEwNCw1NkExMDQsMTA0LDAsMSwxLDEyOCwyNCwxMDQuMTEsMTA0LjExLDAsMCwxLDIzMiwxMjhabS0xNiwwYTg4LDg4LDAsMSwwLTg4LDg4QTg4LjEsODguMSwwLDAsMCwyMTYsMTI4WiI+PC9wYXRoPjwvc3ZnPg==\" alt=\"\" style=\"object-fit:cover\"\/><\/figure>\n\n\n\n<div class=\"wp-block-group wp-container-content-958eb9dc has-global-padding is-layout-constrained wp-container-core-group-is-layout-c06d165c wp-block-group-is-layout-constrained\" style=\"padding-top:0;padding-right:0;padding-bottom:0;padding-left:0\">\n<h3 class=\"wp-block-heading\">What are the cancellation terms?<\/h3>\n\n\n\n<p>For bookings made via booking portals, the cancellation policy of the portal operator applies. You can find the cancellation policy for bookings made through our rental agency <a href=\"https:\/\/nordseeliving.com\/stornierung\/\" target=\"_blank\" rel=\"noopener\">here.<\/a>.<\/p>\n<\/div>\n<\/div>\n<\/div>\n<\/div>\n<\/div>\n<\/div>\n<\/div>\n\n\n\n<div class=\"wp-block-group alignfull ext-animate--on has-tertiary-background-color has-background has-global-padding is-layout-constrained wp-block-group-is-layout-constrained\" style=\"padding-top:var(--wp--preset--spacing--20);padding-bottom:var(--wp--preset--spacing--20)\">\n<h2 class=\"wp-block-heading has-text-align-center ext-animate--on\" style=\"margin-top:var(--wp--preset--spacing--30);margin-bottom:var(--wp--preset--spacing--30)\">You'll find us here<\/h2>\n\n\n\n<div class=\"wp-block-columns alignwide ext-animate--on is-layout-flex wp-container-core-columns-is-layout-28f84493 wp-block-columns-is-layout-flex\">\n<div class=\"wp-block-column ext-animate--on is-layout-flow wp-block-column-is-layout-flow\" style=\"padding-top:0;padding-bottom:0\">\n<div style=\"position:relative; width:600px; height:450px;\">\r\n\r\n<div onclick=\"this.style.display='none'\" \r\nstyle=\"position:absolute; top:0; left:0; width:100%; height:100%; background:rgba(255,255,255,0.9); display:flex; align-items:center; justify-content:center; text-align:center;cursor:pointer;z-index:10;\">\r\n\r\nClick here to load the map from Google Maps.<br>\r\nYou'll leave our website.\r\n\r\n<\/div>\r\n\r\n<iframe src=\"https:\/\/www.google.com\/maps\/embed?pb=!1m18!1m12!1m3!1d151812.81403866076!2d8.242690886524036!3d53.52071348259986!2m3!1f0!2f0!3f0!3m2!1i1024!2i768!4f13.1!3m3!1m2!1s0x47b6c1af711b803d%3A0x192328ca519a9a17!2sFerienhaus%20Ankerplatz!5e0!3m2!1sde!2sde!4v1773426781607!5m2!1sde!2sde\" width=\"600\" height=\"450\" style=\"border:0;\" allowfullscreen=\"\" loading=\"lazy\" referrerpolicy=\"no-referrer-when-downgrade\"><\/iframe>\r\n\r\n<\/div>\n<\/div>\n\n\n\n<div class=\"wp-block-column ext-animate--on is-layout-flow wp-block-column-is-layout-flow\" style=\"flex-basis:50%\">\n<p class=\"has-text-align-center ext-animate--on\"><strong>Ferienhaus&nbsp;Ankerplatz<\/strong><\/p>\n\n\n\n<p class=\"has-text-align-center ext-animate--on\">Ferienpark Sehestedt<br>Brachvogelweg 25<br>D-26349  Jade-Sehestedt<\/p>\n\n\n\n<p class=\"has-text-align-center ext-animate--on\"><a href=\"tel:+49%20163%203501743\" target=\"_blank\" rel=\"noreferrer noopener\">+49 176 3299 1478<\/a><br>ferienhaus-wesermarsch@gmx.de<\/p>\n\n\n\n<div class=\"wp-block-buttons ext-animate--on is-content-justification-center is-layout-flex wp-container-core-buttons-is-layout-a89b3969 wp-block-buttons-is-layout-flex\">\n<div class=\"wp-block-button ext-animate--on\"><a class=\"wp-block-button__link wp-element-button\" href=\"https:\/\/ferienhaus-wesermarsch.de\/en\/kontakt\/\">To our contact form<\/a><\/div>\n<\/div>\n<\/div>\n<\/div>\n<\/div>","protected":false},"excerpt":{"rendered":"<p>Ferienhaus Ankerplatz: Ihr Urlaubsziel am Jadebusen Wie buche ich das Ferienhaus Ankerplatz? Die Buchung erfolgt bequem \u00fcber die Buchungsplattform unserer Vermietagentur. Oder reservieren Sie \u00fcber unsere Kontaktseite. Wir leiten dann alles weitere in die Wege. Welche Ausstattung bietet das Ferienhaus? Ankerplatz ist ein komplett eingerichtetes Ferienhaus mit ca. 75&nbsp;m\u00b2 Fl\u00e4che im Erdgeschoss und ca. 30&nbsp;m\u00b2 [&hellip;]<\/p>\n","protected":false},"author":1,"featured_media":0,"parent":0,"menu_order":0,"comment_status":"closed","ping_status":"closed","template":"page-with-title","meta":{"footnotes":""},"class_list":["post-20","page","type-page","status-publish","hentry"],"_links":{"self":[{"href":"https:\/\/ferienhaus-wesermarsch.de\/en\/wp-json\/wp\/v2\/pages\/20","targetHints":{"allow":["GET"]}}],"collection":[{"href":"https:\/\/ferienhaus-wesermarsch.de\/en\/wp-json\/wp\/v2\/pages"}],"about":[{"href":"https:\/\/ferienhaus-wesermarsch.de\/en\/wp-json\/wp\/v2\/types\/page"}],"author":[{"embeddable":true,"href":"https:\/\/ferienhaus-wesermarsch.de\/en\/wp-json\/wp\/v2\/users\/1"}],"replies":[{"embeddable":true,"href":"https:\/\/ferienhaus-wesermarsch.de\/en\/wp-json\/wp\/v2\/comments?post=20"}],"version-history":[{"count":142,"href":"https:\/\/ferienhaus-wesermarsch.de\/en\/wp-json\/wp\/v2\/pages\/20\/revisions"}],"predecessor-version":[{"id":2087,"href":"https:\/\/ferienhaus-wesermarsch.de\/en\/wp-json\/wp\/v2\/pages\/20\/revisions\/2087"}],"wp:attachment":[{"href":"https:\/\/ferienhaus-wesermarsch.de\/en\/wp-json\/wp\/v2\/media?parent=20"}],"curies":[{"name":"wp","href":"https:\/\/api.w.org\/{rel}","templated":true}]}}