{"id":18,"date":"2026-03-01T14:10:29","date_gmt":"2026-03-01T14:10:29","guid":{"rendered":"https:\/\/ferienhaus-wesermarsch.de\/buchung\/"},"modified":"2026-04-02T14:17:15","modified_gmt":"2026-04-02T14:17:15","slug":"buchung","status":"publish","type":"page","link":"https:\/\/ferienhaus-wesermarsch.de\/en\/buchung\/","title":{"rendered":"Book your holiday home on the North Sea coast"},"content":{"rendered":"<div class=\"wp-block-group alignwide is-style-ext-preset--group--natural-1--section ext-animate--on has-background-background-color has-background has-global-padding is-layout-constrained wp-container-core-group-is-layout-c17afc5a wp-block-group-is-layout-constrained\" id=\"jetzt-buchen\" style=\"margin-top:var(--wp--preset--spacing--40);margin-bottom:var(--wp--preset--spacing--40);padding-top:0;padding-bottom:0\">\n<p class=\"has-text-align-center ext-animate--on\" style=\"margin-top:2.3rem;margin-bottom:var(--wp--preset--spacing--30);font-size:clamp(0.984rem, 0.984rem + ((1vw - 0.2rem) * 0.86), 1.5rem);\"><strong>Seasonal rates<\/strong><\/p>\n\n\n\n<figure class=\"wp-block-table alignwide ext-animate--on is-style-stripes\"><table class=\"has-fixed-layout\" style=\"border-style:none;border-width:0px\"><tbody><tr><td class=\"has-text-align-center\" data-align=\"center\">Mid-season<\/td><td class=\"has-text-align-center\" data-align=\"center\">Low season<\/td><td class=\"has-text-align-center\" data-align=\"center\">High season<\/td><\/tr><\/tbody><\/table><\/figure>\n<\/div>\n\n\n\n<div class=\"wp-block-columns alignwide ext-animate--on is-layout-flex wp-container-core-columns-is-layout-f5f7395f wp-block-columns-is-layout-flex\">\n<div class=\"wp-block-column ext-animate--on is-layout-flow wp-container-core-column-is-layout-22223934 wp-block-column-is-layout-flow\" style=\"flex-basis:50%\">\n<p class=\"ext-animate--on\" style=\"margin-right:var(--wp--preset--spacing--50);margin-left:var(--wp--preset--spacing--50);padding-right:0;padding-left:0\">You can find the exact daily rates on the booking portal of our\u00a0<strong><a href=\"https:\/\/nordseeliving.com\/domizile\/#\/Deutschland\/Nordsee.Jadebusen\/Dangast\/Ferienpark.Sehestedt\/Ankerplatz.Ferienhaus.Sehestedt\" target=\"_blank\" rel=\"noreferrer noopener\">letting agency, NORDSEELIVING.\u00a0<\/a><\/strong>For\u00a0<strong>last-minute bookings<\/strong>\u00a0made via the booking portal of our letting agency, Nordseeliving, we offer discounts on the respective daily rates. Please contact us or our letting agency.<\/p>\n\n\n\n<p class=\"ext-animate--on\" style=\"margin-top:0;margin-right:var(--wp--preset--spacing--50);margin-bottom:0;margin-left:var(--wp--preset--spacing--50);padding-right:0;padding-left:0\">Alle Preise verstehen sich pro Nacht, zzgl. Endreinigung und Buchungspauschale.\u00a0Bettw\u00e4sche, Handt\u00fccher, Kinderbett, Hochstuhl und Haustiere k\u00f6nnen zugebucht werden.<\/p>\n<\/div>\n\n\n\n<div class=\"wp-block-column is-layout-flow wp-block-column-is-layout-flow\" style=\"flex-basis:50%\">\n<div class=\"wp-block-group ext-animate--on is-layout-flow wp-container-core-group-is-layout-5d07245d wp-block-group-is-layout-flow\" style=\"padding-top:0;padding-right:var(--wp--preset--spacing--70);padding-bottom:0;padding-left:var(--wp--preset--spacing--70)\">\n<figure class=\"wp-block-image aligncenter size-full ext-animate--on\" style=\"margin-right:var(--wp--preset--spacing--20);margin-left:var(--wp--preset--spacing--20)\"><img loading=\"lazy\" decoding=\"async\" width=\"2560\" height=\"1603\" src=\"https:\/\/ferienhaus-wesermarsch.de\/wp-content\/uploads\/2026\/03\/Salzwiesen-scaled.jpg\" alt=\"Ferienhaus an der Nordsee buchen\" class=\"wp-image-570\" srcset=\"https:\/\/ferienhaus-wesermarsch.de\/wp-content\/uploads\/2026\/03\/Salzwiesen-scaled.jpg 2560w, https:\/\/ferienhaus-wesermarsch.de\/wp-content\/uploads\/2026\/03\/Salzwiesen-300x188.jpg 300w, https:\/\/ferienhaus-wesermarsch.de\/wp-content\/uploads\/2026\/03\/Salzwiesen-1024x641.jpg 1024w, https:\/\/ferienhaus-wesermarsch.de\/wp-content\/uploads\/2026\/03\/Salzwiesen-768x481.jpg 768w, https:\/\/ferienhaus-wesermarsch.de\/wp-content\/uploads\/2026\/03\/Salzwiesen-1536x962.jpg 1536w, https:\/\/ferienhaus-wesermarsch.de\/wp-content\/uploads\/2026\/03\/Salzwiesen-2048x1282.jpg 2048w, https:\/\/ferienhaus-wesermarsch.de\/wp-content\/uploads\/2026\/03\/Salzwiesen-18x12.jpg 18w\" sizes=\"auto, (max-width: 2560px) 100vw, 2560px\" \/><\/figure>\n<\/div>\n<\/div>\n<\/div>\n\n\n\n<div class=\"wp-block-group alignfull ext-animate--on has-tertiary-background-color has-background has-global-padding is-layout-constrained wp-block-group-is-layout-constrained\">\n<div class=\"wp-block-columns alignwide ext-animate--on is-layout-flex wp-container-core-columns-is-layout-28f84493 wp-block-columns-is-layout-flex\">\n<div class=\"wp-block-column is-layout-flow wp-block-column-is-layout-flow\">\n<div class=\"wp-block-columns alignwide ext-animate--on is-layout-flex wp-container-core-columns-is-layout-28f84493 wp-block-columns-is-layout-flex\">\n<div class=\"wp-block-column ext-animate--on is-layout-flow wp-container-core-column-is-layout-8a368f38 wp-block-column-is-layout-flow\">\n<p class=\"has-text-align-center ext-animate--on\" style=\"margin-top:0;margin-bottom:0;font-size:clamp(16.293px, 1.018rem + ((1vw - 3.2px) * 0.907), 25px);\"><strong>Booking<\/strong><\/p>\n\n\n\n<div class=\"wp-block-columns are-vertically-aligned-center ext-animate--on is-layout-flex wp-container-core-columns-is-layout-28f84493 wp-block-columns-is-layout-flex\">\n<div class=\"wp-block-column is-vertically-aligned-center ext-animate--on is-layout-flow wp-block-column-is-layout-flow\" style=\"flex-basis:50%\">\n<p class=\"ext-animate--on\" style=\"padding-top:var(--wp--preset--spacing--30);padding-right:var(--wp--preset--spacing--50);padding-bottom:var(--wp--preset--spacing--30);padding-left:var(--wp--preset--spacing--50)\">We work in partnership with the local letting agency NORDSEELIVING. You can check availability and book our holiday home on the North Sea coast straight away on their website \u2013 directly and with a best price guarantee. Simply click on the logo opposite:&nbsp;<a href=\"https:\/\/nordseeliving.com\/domizile\/#\/Deutschland\/Nordsee.Jadebusen\/Dangast\/Ferienpark.Sehestedt\/Ankerplatz.Ferienhaus.Sehestedt\" target=\"_blank\" rel=\"noreferrer noopener\">NORDSEELIVING<\/a>.<\/p>\n<\/div>\n\n\n\n<div class=\"wp-block-column is-vertically-aligned-center ext-animate--on is-layout-flow wp-block-column-is-layout-flow\" style=\"flex-basis:50%\">\n<figure class=\"wp-block-image aligncenter size-full is-resized ext-animate--on\"><a href=\"https:\/\/nordseeliving.com\/domizile\/#\/Deutschland\/Nordsee.Jadebusen\/Dangast\/Ferienpark.Sehestedt\/Ankerplatz.Ferienhaus.Sehestedt\" target=\"_blank\" rel=\" noreferrer noopener\"><img loading=\"lazy\" decoding=\"async\" width=\"480\" height=\"480\" src=\"https:\/\/ferienhaus-wesermarsch.de\/wp-content\/uploads\/2026\/03\/Nordseeliving-Logo.png\" alt=\"\" class=\"wp-image-1675\" style=\"width:150px\" title=\"\" srcset=\"https:\/\/ferienhaus-wesermarsch.de\/wp-content\/uploads\/2026\/03\/Nordseeliving-Logo.png 480w, https:\/\/ferienhaus-wesermarsch.de\/wp-content\/uploads\/2026\/03\/Nordseeliving-Logo-300x300.png 300w, https:\/\/ferienhaus-wesermarsch.de\/wp-content\/uploads\/2026\/03\/Nordseeliving-Logo-150x150.png 150w, https:\/\/ferienhaus-wesermarsch.de\/wp-content\/uploads\/2026\/03\/Nordseeliving-Logo-12x12.png 12w\" sizes=\"auto, (max-width: 480px) 100vw, 480px\" \/><\/a><\/figure>\n<\/div>\n<\/div>\n\n\n\n<div class=\"wp-block-buttons ext-animate--on is-layout-flex wp-block-buttons-is-layout-flex\" style=\"padding-right:var(--wp--preset--spacing--50);padding-left:var(--wp--preset--spacing--50)\">\n<div class=\"wp-block-button\"><a class=\"wp-block-button__link wp-element-button\" href=\"https:\/\/nordseeliving.com\/domizile\/#\/Deutschland\/Nordsee.Jadebusen\/Dangast\/Ferienpark.Sehestedt\/Ankerplatz.Ferienhaus.Sehestedt\" target=\"_blank\" rel=\"noreferrer noopener\">Make a booking<\/a><\/div>\n<\/div>\n\n\n\n<p class=\"ext-animate--on\" style=\"margin-top:var(--wp--preset--spacing--20);margin-right:var(--wp--preset--spacing--50);margin-bottom:var(--wp--preset--spacing--20);margin-left:var(--wp--preset--spacing--50)\">Or simply send us your booking enquiry via our contact form. We will review your enquiry as soon as possible and confirm it by phone or email.&nbsp;<\/p>\n\n\n\n<div class=\"wp-block-buttons ext-animate--on is-layout-flex wp-block-buttons-is-layout-flex\" style=\"padding-right:var(--wp--preset--spacing--50);padding-left:var(--wp--preset--spacing--50)\">\n<div class=\"wp-block-button\"><a class=\"wp-block-button__link wp-element-button\" href=\"https:\/\/ferienhaus-wesermarsch.de\/en\/kontakt\/\">To our contact form<\/a><\/div>\n<\/div>\n\n\n\n<p class=\"ext-animate--on\" style=\"margin-top:var(--wp--preset--spacing--20);margin-right:var(--wp--preset--spacing--50);margin-bottom:var(--wp--preset--spacing--20);margin-left:var(--wp--preset--spacing--50)\">We look forward to receiving your booking!<\/p>\n<\/div>\n<\/div>\n<\/div>\n<\/div>\n<\/div>","protected":false},"excerpt":{"rendered":"<p>Saisonpreise Zwischensaison: ab 89,- \u20ac Nebensaison: ab 99,- \u20ac Hauptsaison: ab 109,- \u20ac Die genauen Tagespreise k\u00f6nnen Sie dem Buchungsportal unserer\u00a0Vermietagentur NORDSEELIVING\u00a0entnehmen. Bei\u00a0Last-Minute-Buchungen\u00a0\u00fcber das Buchungsportal unserer Vermietagentur Nordseeliving gew\u00e4hren wir Nachl\u00e4sse auf die jeweiligen Tagespreise. Bitte sprechen Sie uns oder unsere Vermietungsagentur an. Alle Preise verstehen sich pro Nacht, zzgl. Endreinigung und Buchungspauschale.\u00a0Bettw\u00e4sche, Handt\u00fccher, Kinderbett, [&hellip;]<\/p>\n","protected":false},"author":1,"featured_media":0,"parent":0,"menu_order":0,"comment_status":"closed","ping_status":"closed","template":"page-with-title","meta":{"footnotes":""},"class_list":["post-18","page","type-page","status-publish","hentry"],"_links":{"self":[{"href":"https:\/\/ferienhaus-wesermarsch.de\/en\/wp-json\/wp\/v2\/pages\/18","targetHints":{"allow":["GET"]}}],"collection":[{"href":"https:\/\/ferienhaus-wesermarsch.de\/en\/wp-json\/wp\/v2\/pages"}],"about":[{"href":"https:\/\/ferienhaus-wesermarsch.de\/en\/wp-json\/wp\/v2\/types\/page"}],"author":[{"embeddable":true,"href":"https:\/\/ferienhaus-wesermarsch.de\/en\/wp-json\/wp\/v2\/users\/1"}],"replies":[{"embeddable":true,"href":"https:\/\/ferienhaus-wesermarsch.de\/en\/wp-json\/wp\/v2\/comments?post=18"}],"version-history":[{"count":219,"href":"https:\/\/ferienhaus-wesermarsch.de\/en\/wp-json\/wp\/v2\/pages\/18\/revisions"}],"predecessor-version":[{"id":2086,"href":"https:\/\/ferienhaus-wesermarsch.de\/en\/wp-json\/wp\/v2\/pages\/18\/revisions\/2086"}],"wp:attachment":[{"href":"https:\/\/ferienhaus-wesermarsch.de\/en\/wp-json\/wp\/v2\/media?parent=18"}],"curies":[{"name":"wp","href":"https:\/\/api.w.org\/{rel}","templated":true}]}}